{"id":72,"date":"2015-04-15T17:02:25","date_gmt":"2015-04-15T15:02:25","guid":{"rendered":"http:\/\/www-reynal.ensea.fr\/?page_id=72"},"modified":"2023-12-13T15:54:40","modified_gmt":"2023-12-13T13:54:40","slug":"rencontres-art-sciences-de-la-roche-guyon","status":"publish","type":"page","link":"https:\/\/reynal.etis-lab.fr\/?page_id=72","title":{"rendered":"Rencontres Art &#038; Sciences de la Roche-Guyon"},"content":{"rendered":"\n<h2 class=\"wp-block-heading\"><a title=\"Rencontres Art &amp; Sciences de la Roche-Guyon, 21 Mars 2015\" href=\"http:\/\/www-reynal.ensea.fr\/spip.php?article20\" rel=\"bookmark\">21 Mars 2015<\/a><\/h2>\n\n\n\n<p>Partant de collaborations actuelles entre artistes et scientifiques, les\u00a0<a href=\"http:\/\/www-reynal.ensea.fr\/colloque-lrg\/\">premi\u00e8res rencontres Art &amp; Sciences de la Roche-Guyon (95)<\/a>\u00a0se sont int\u00e9ress\u00e9es \u00e0 la place des technologies dans la recherche, la cr\u00e9ation et l\u2019innovation contemporaines : nanotechnologies, biotechnologies, intelligence artificielle, robotique, parall\u00e8lement au d\u00e9veloppement des sciences cognitives.<\/p>\n\n\n\n<figure class=\"wp-block-image size-large\"><img decoding=\"async\" src=\"https:\/\/reynal.etis-lab.fr\/colloque-lrg\/berenson.png\" alt=\"\"\/><\/figure>\n","protected":false},"excerpt":{"rendered":"<p>21 Mars 2015 Partant de collaborations actuelles entre artistes et scientifiques, les\u00a0premi\u00e8res rencontres Art &amp; Sciences de la Roche-Guyon (95)\u00a0se sont int\u00e9ress\u00e9es \u00e0 la place des technologies dans la recherche, la cr\u00e9ation et l\u2019innovation contemporaines : nanotechnologies, biotechnologies, intelligence artificielle, robotique, parall\u00e8lement au d\u00e9veloppement des sciences cognitives.<\/p>\n","protected":false},"author":1,"featured_media":0,"parent":45,"menu_order":0,"comment_status":"closed","ping_status":"open","template":"","meta":{"footnotes":""},"class_list":["post-72","page","type-page","status-publish","hentry"],"_links":{"self":[{"href":"https:\/\/reynal.etis-lab.fr\/index.php?rest_route=\/wp\/v2\/pages\/72","targetHints":{"allow":["GET"]}}],"collection":[{"href":"https:\/\/reynal.etis-lab.fr\/index.php?rest_route=\/wp\/v2\/pages"}],"about":[{"href":"https:\/\/reynal.etis-lab.fr\/index.php?rest_route=\/wp\/v2\/types\/page"}],"author":[{"embeddable":true,"href":"https:\/\/reynal.etis-lab.fr\/index.php?rest_route=\/wp\/v2\/users\/1"}],"replies":[{"embeddable":true,"href":"https:\/\/reynal.etis-lab.fr\/index.php?rest_route=%2Fwp%2Fv2%2Fcomments&post=72"}],"version-history":[{"count":6,"href":"https:\/\/reynal.etis-lab.fr\/index.php?rest_route=\/wp\/v2\/pages\/72\/revisions"}],"predecessor-version":[{"id":998,"href":"https:\/\/reynal.etis-lab.fr\/index.php?rest_route=\/wp\/v2\/pages\/72\/revisions\/998"}],"up":[{"embeddable":true,"href":"https:\/\/reynal.etis-lab.fr\/index.php?rest_route=\/wp\/v2\/pages\/45"}],"wp:attachment":[{"href":"https:\/\/reynal.etis-lab.fr\/index.php?rest_route=%2Fwp%2Fv2%2Fmedia&parent=72"}],"curies":[{"name":"wp","href":"https:\/\/api.w.org\/{rel}","templated":true}]}}