{"id":40,"date":"2015-04-15T14:20:54","date_gmt":"2015-04-15T14:20:54","guid":{"rendered":"http:\/\/www-reynal.ensea.fr\/?page_id=40"},"modified":"2017-09-05T16:25:49","modified_gmt":"2017-09-05T14:25:49","slug":"option-informatique-quantique","status":"publish","type":"page","link":"https:\/\/reynal.etis-lab.fr\/?page_id=40","title":{"rendered":"[archive] Option Informatique Quantique"},"content":{"rendered":"<p>Cette enseignement n\u2019existe plus en 2017.<\/p>\n<h3>Pr\u00e9sentation<\/h3>\n<p>Cette option propose un prolongement du cours de physique quantique de 1\u00e8re ann\u00e9e vers le domaine de l\u2019information quantique. Ce domaine est en pleine effervescence depuis une d\u00e9cennie, et concerne aussi bien le d\u00e9veloppement et l\u2019\u00e9tude des propri\u00e9t\u00e9s de l\u2019ordinateur quantique et des algorithmes associ\u00e9s (g\u00e9n\u00e9ralement beaucoup plus rapides que leur \u00e9quivalent classique) que l\u2019utilisation des propri\u00e9t\u00e9s tr\u00e8s particuli\u00e8res du monde quantique pour la mise-au-point de protocoles de communication, cryptographie ou t\u00e9l\u00e9portation quantiques.<\/p>\n<ul>\n<li>notion de qubit ; rappel des postulats,<\/li>\n<li>circuits pour le calcul quantiques,<\/li>\n<li>algorithmes (TF quantique, Grover, Shor),<\/li>\n<li>implementations physiques,<\/li>\n<li>d\u00e9coh\u00e9rence et codes correcteurs d\u2019erreur.<\/li>\n<\/ul>\n<p><img decoding=\"async\" src=\"http:\/\/upload.wikimedia.org\/wikipedia\/commons\/1\/17\/DWave_128chip.jpg\" style=\"width: 100%\"><\/p>\n<h3>Supports de cours et mini-projets<\/h3>\n<ul>\n<li> Transparents du cours sur les <a href=\"docs\/iq\/option-iq.pdf\">technologies d&#8217;impl\u00e9mentation<\/a> (2016)<\/li>\n<li> Sujets de TD : <a href=\"docs\/iq\/td1_fr.pdf\">un peu d&#8217;alg\u00e8bre quantique + op\u00e9rateurs densit\u00e9<\/a>, <a href=\"docs\/iq\/intro.pdf\">introduction aux portes quantiques<\/a> et <a href=\"docs\/iq\/algos.pdf\">algorithmes quantiques<\/a><\/li>\n<li> Archives d&#8217;examen (s\u00e9lection de questions r\u00e9currentes) : <a href=\"docs\/iq\/archives.pdf\">archives.pdf<\/a><\/li>\n<li> Liste des th\u00e8mes de mini-projets mise \u00e0 jour pour <a href=\"docs\/iq\/sujets_prj.pdf\" title=\"2016\">2016<\/a>\n<\/ul>\n","protected":false},"excerpt":{"rendered":"<p>Cette enseignement n\u2019existe plus en 2017. Pr\u00e9sentation Cette option propose un prolongement du cours de physique quantique de 1\u00e8re ann\u00e9e vers le domaine de l\u2019information quantique. Ce domaine est en pleine effervescence depuis une d\u00e9cennie, et concerne aussi bien le d\u00e9veloppement et l\u2019\u00e9tude des propri\u00e9t\u00e9s de l\u2019ordinateur quantique et des algorithmes associ\u00e9s (g\u00e9n\u00e9ralement beaucoup plus &hellip; <\/p>\n<p class=\"link-more\"><a href=\"https:\/\/reynal.etis-lab.fr\/?page_id=40\" class=\"more-link\">Continue reading<span class=\"screen-reader-text\"> &#8220;[archive] Option Informatique Quantique&#8221;<\/span><\/a><\/p>\n","protected":false},"author":1,"featured_media":0,"parent":19,"menu_order":5,"comment_status":"closed","ping_status":"open","template":"","meta":{"footnotes":""},"class_list":["post-40","page","type-page","status-publish","hentry"],"_links":{"self":[{"href":"https:\/\/reynal.etis-lab.fr\/index.php?rest_route=\/wp\/v2\/pages\/40","targetHints":{"allow":["GET"]}}],"collection":[{"href":"https:\/\/reynal.etis-lab.fr\/index.php?rest_route=\/wp\/v2\/pages"}],"about":[{"href":"https:\/\/reynal.etis-lab.fr\/index.php?rest_route=\/wp\/v2\/types\/page"}],"author":[{"embeddable":true,"href":"https:\/\/reynal.etis-lab.fr\/index.php?rest_route=\/wp\/v2\/users\/1"}],"replies":[{"embeddable":true,"href":"https:\/\/reynal.etis-lab.fr\/index.php?rest_route=%2Fwp%2Fv2%2Fcomments&post=40"}],"version-history":[{"count":18,"href":"https:\/\/reynal.etis-lab.fr\/index.php?rest_route=\/wp\/v2\/pages\/40\/revisions"}],"predecessor-version":[{"id":310,"href":"https:\/\/reynal.etis-lab.fr\/index.php?rest_route=\/wp\/v2\/pages\/40\/revisions\/310"}],"up":[{"embeddable":true,"href":"https:\/\/reynal.etis-lab.fr\/index.php?rest_route=\/wp\/v2\/pages\/19"}],"wp:attachment":[{"href":"https:\/\/reynal.etis-lab.fr\/index.php?rest_route=%2Fwp%2Fv2%2Fmedia&parent=40"}],"curies":[{"name":"wp","href":"https:\/\/api.w.org\/{rel}","templated":true}]}}