{"id":34,"date":"2015-04-15T14:15:14","date_gmt":"2015-04-15T14:15:14","guid":{"rendered":"http:\/\/www-reynal.ensea.fr\/?page_id=34"},"modified":"2023-12-22T16:00:42","modified_gmt":"2023-12-22T14:00:42","slug":"traitement-du-signal-audio","status":"publish","type":"page","link":"https:\/\/reynal.etis-lab.fr\/?page_id=34","title":{"rendered":"AI and Signal for Musical Audio (3SIA)"},"content":{"rendered":"<h3>Pr\u00e9sentation<\/h3>\n<p>La premi\u00e8re partie du cours est construite autour de la cha\u00eene de traitement du signal audio pour la voix et la musique. On parlera de psychoacoustique (dynamique de l&#8217;oreille, masquage), d\u2019acoustique musicale (gammes, synth\u00e8se sonore) , de compression MP3 et d\u2019illusions sonores, et des effets de traitement audio les plus courants dans les syst\u00e8mes audio professionnels (post-prod cin\u00e9ma et production musicale, radio, TV, robotique, jeu video), en particulier l\u2019\u00e9galisation, la compression dynamique, la spatialisation et la r\u00e9verb\u00e9ration.<\/p>\n<p>Une seconde partie porte sur les aspects architecture pour le traitement audio : CODEC audio, DSP, STM32, interfaces I2S, SAI, SPDIF, etc<\/p>\n<p>Une troisi\u00e8me et derni\u00e8re partie est consacr\u00e9e au traitement du signal audio pour la MIR (Music Information Retrieval) : indexation et classification, s\u00e9paration de sources, machine learning et inf\u00e9rence bay\u00e9sienne.<\/p>\n<p>Enfin, les sujets de TP prolongent le cours plus qu&#8217;ils ne l&#8217;illustrent : il s&#8217;agit davantage d&#8217;un espace d&#8217;exploration et de r\u00e9flexion autour du traitement du signal audio via l&#8217;\u00e9tude d&#8217;une ou deux probl\u00e9matiques particuli\u00e8res sur plusieurs s\u00e9ances selon les ann\u00e9es.<\/p>\n<h3>Supports de cours<\/h3>\n<ul>\n<li><a href=\"https:\/\/reynal.etis-lab.fr\/docs\/audio-sia\/cours\/diapos_cours_traitement_signal_audio.pdf\">Premi\u00e8re partie (rappels d&#8217;acoustique, psychoacoustique, cha\u00eene analogique, cha\u00eene num\u00e9rique, architectures) &#8211; S. Reynal, ETIS CNRS<\/a><\/li>\n<li><a href=\"https:\/\/reynal.etis-lab.fr\/docs\/audio-sia\/cours\/Cours_Separation_de_Sources.pdf\">S\u00e9paration de sources appliqu\u00e9e \u00e0 la musique<\/a> (R. Hennequin, Deezer)<\/li>\n<li><a href=\"https:\/\/reynal.etis-lab.fr\/docs\/audio-sia\/cours\/Cours_Transformation.pdf\">Transformation et s\u00e9paration du son<\/a> (G. Peeters, IRCAM)<\/li>\n<li><a href=\"https:\/\/reynal.etis-lab.fr\/docs\/audio-sia\/cours\/Cours_ModeleEstimationDescripteursApprentissage.pdf\">Mod\u00e8les de signaux, estimateurs, descripteurs audio et apprentissage machine<\/a> (G. Peeters, IRCAM)<\/li>\n<li><a href=\"https:\/\/reynal.etis-lab.fr\/docs\/audio-sia\/cours\/Cours_NMF_Dogac.pdf\">Non-Negative Matrix Factorization pour la s\u00e9paration de source : calcul d\u00e9taill\u00e9 (Dogac Basaran, Audible Magic, UK<\/a>)<\/li>\n<li><a style=\"font-size: inherit;\" href=\"https:\/\/reynal.etis-lab.fr\/docs\/audio-sia\/cours\/deep_learning_classification_musique.pdf\">Deep learning pour la classification de morceaux de musique (R. Hennequin)<\/a><\/li>\n<\/ul>\n<h3>Travaux Pratiques<\/h3>\n<p>16h\u00a0 de &#8220;TP\/mini-projet&#8221; permettent d&#8217;explorer le th\u00e8me du traitement audio temps r\u00e9el sur plateforme STM32F746-Discovery.<\/p>\n<ul>\n<li>une pr\u00e9sentation g\u00e9n\u00e9rale de la th\u00e9matique avec des pistes d&#8217;exploration : <a href=\"https:\/\/www.overleaf.com\/read\/tccnxpvjnsmm\" target=\"_blank\" rel=\"noopener\">https:\/\/www.overleaf.com\/read\/tccnxpvjnsmm<\/a><\/li>\n<li>un <a href=\"https:\/\/reynal.etis-lab.fr\/docs\/audio-sia\/tp\/tp_stm32.zip\" target=\"_blank\" rel=\"noopener\">fichier ZIP<\/a> contenant le projet STM32CubeIDE offrant un point de d\u00e9part fonctionnel<\/li>\n<\/ul>\n<hr \/>\n","protected":false},"excerpt":{"rendered":"<p>Pr\u00e9sentation La premi\u00e8re partie du cours est construite autour de la cha\u00eene de traitement du signal audio pour la voix et la musique. On parlera de psychoacoustique (dynamique de l&#8217;oreille, masquage), d\u2019acoustique musicale (gammes, synth\u00e8se sonore) , de compression MP3 et d\u2019illusions sonores, et des effets de traitement audio les plus courants dans les syst\u00e8mes &hellip; <\/p>\n<p class=\"link-more\"><a href=\"https:\/\/reynal.etis-lab.fr\/?page_id=34\" class=\"more-link\">Continue reading<span class=\"screen-reader-text\"> &#8220;AI and Signal for Musical Audio (3SIA)&#8221;<\/span><\/a><\/p>\n","protected":false},"author":1,"featured_media":531,"parent":19,"menu_order":0,"comment_status":"closed","ping_status":"open","template":"","meta":{"footnotes":""},"class_list":["post-34","page","type-page","status-publish","has-post-thumbnail","hentry"],"_links":{"self":[{"href":"https:\/\/reynal.etis-lab.fr\/index.php?rest_route=\/wp\/v2\/pages\/34","targetHints":{"allow":["GET"]}}],"collection":[{"href":"https:\/\/reynal.etis-lab.fr\/index.php?rest_route=\/wp\/v2\/pages"}],"about":[{"href":"https:\/\/reynal.etis-lab.fr\/index.php?rest_route=\/wp\/v2\/types\/page"}],"author":[{"embeddable":true,"href":"https:\/\/reynal.etis-lab.fr\/index.php?rest_route=\/wp\/v2\/users\/1"}],"replies":[{"embeddable":true,"href":"https:\/\/reynal.etis-lab.fr\/index.php?rest_route=%2Fwp%2Fv2%2Fcomments&post=34"}],"version-history":[{"count":78,"href":"https:\/\/reynal.etis-lab.fr\/index.php?rest_route=\/wp\/v2\/pages\/34\/revisions"}],"predecessor-version":[{"id":1028,"href":"https:\/\/reynal.etis-lab.fr\/index.php?rest_route=\/wp\/v2\/pages\/34\/revisions\/1028"}],"up":[{"embeddable":true,"href":"https:\/\/reynal.etis-lab.fr\/index.php?rest_route=\/wp\/v2\/pages\/19"}],"wp:featuredmedia":[{"embeddable":true,"href":"https:\/\/reynal.etis-lab.fr\/index.php?rest_route=\/wp\/v2\/media\/531"}],"wp:attachment":[{"href":"https:\/\/reynal.etis-lab.fr\/index.php?rest_route=%2Fwp%2Fv2%2Fmedia&parent=34"}],"curies":[{"name":"wp","href":"https:\/\/api.w.org\/{rel}","templated":true}]}}